{"id":24,"date":"2023-08-28T19:04:21","date_gmt":"2023-08-28T22:04:21","guid":{"rendered":"https:\/\/ibape-al.org.br\/?page_id=24"},"modified":"2026-01-16T22:11:37","modified_gmt":"2026-01-17T01:11:37","slug":"diretoria","status":"publish","type":"page","link":"https:\/\/ibape-al.org.br\/index.php\/diretoria\/","title":{"rendered":"Diretoria"},"content":{"rendered":"\t\t<div data-elementor-type=\"wp-page\" data-elementor-id=\"24\" class=\"elementor elementor-24\" data-elementor-post-type=\"page\">\n\t\t\t\t\t\t<section data-particle_enable=\"false\" data-particle-mobile-disabled=\"false\" class=\"elementor-section elementor-top-section elementor-element elementor-element-58fe1d10 elementor-section-boxed elementor-section-height-default elementor-section-height-default\" data-id=\"58fe1d10\" data-element_type=\"section\" data-e-type=\"section\">\n\t\t\t\t\t\t<div class=\"elementor-container elementor-column-gap-default\">\n\t\t\t\t\t<div class=\"elementor-column elementor-col-100 elementor-top-column elementor-element elementor-element-654f7371\" data-id=\"654f7371\" data-element_type=\"column\" data-e-type=\"column\">\n\t\t\t<div class=\"elementor-widget-wrap elementor-element-populated\">\n\t\t\t\t\t\t<div class=\"elementor-element elementor-element-5f549805 elementor-widget elementor-widget-text-editor\" data-id=\"5f549805\" data-element_type=\"widget\" data-e-type=\"widget\" data-widget_type=\"text-editor.default\">\n\t\t\t\t<div class=\"elementor-widget-container\">\n\t\t\t\t\t\t\t\t\t<p class=\"has-accent-color has-text-color has-medium-font-size\" style=\"font-style: normal;\"><strong>Gest\u00e3o 2026-2027<\/strong><\/p>\n<ul style=\"box-sizing: border-box; border: 0px; font-size: 16px; font-style: normal; font-weight: 400; margin: revert; outline: 0px; padding: revert; vertical-align: baseline; list-style: outside; caret-color: #334155; color: #334155; font-family: -apple-system, BlinkMacSystemFont, 'Segoe UI', Roboto, Oxygen-Sans, Ubuntu, Cantarell, 'Helvetica Neue', sans-serif; font-variant-caps: normal; letter-spacing: normal; orphans: auto; text-align: start; text-indent: 0px; text-transform: none; white-space: normal; widows: auto; word-spacing: 0px; -webkit-text-stroke-width: 0px; text-decoration: none;\">\n<li style=\"list-style-type: none;\">\n<ul style=\"box-sizing: border-box; border: 0px; font-size: 16px; font-style: normal; font-weight: 400; margin: revert; outline: 0px; padding: revert; vertical-align: baseline; list-style: outside; caret-color: #334155; color: #334155; font-family: -apple-system, BlinkMacSystemFont, 'Segoe UI', Roboto, Oxygen-Sans, Ubuntu, Cantarell, 'Helvetica Neue', sans-serif; font-variant-caps: normal; letter-spacing: normal; orphans: auto; text-align: start; text-indent: 0px; text-transform: none; white-space: normal; widows: auto; word-spacing: 0px; -webkit-text-stroke-width: 0px; text-decoration: none;\">\n<li style=\"box-sizing: border-box; border: 0px; font-size: 16px; font-style: inherit; font-weight: inherit; margin: 0px; outline: 0px; padding: 0px; vertical-align: baseline;\">Presidente: Eng. agr. Mar\u00e7al de Fran\u00e7a Silva<\/li>\n<\/ul>\n<\/li>\n<\/ul>\n<ul style=\"box-sizing: border-box; border: 0px; font-size: 16px; font-style: normal; font-weight: 400; margin: revert; outline: 0px; padding: revert; vertical-align: baseline; list-style: outside; caret-color: #334155; color: #334155; font-family: -apple-system, BlinkMacSystemFont, 'Segoe UI', Roboto, Oxygen-Sans, Ubuntu, Cantarell, 'Helvetica Neue', sans-serif; font-variant-caps: normal; letter-spacing: normal; orphans: auto; text-align: start; text-indent: 0px; text-transform: none; white-space: normal; widows: auto; word-spacing: 0px; -webkit-text-stroke-width: 0px; text-decoration: none;\">\n<li style=\"list-style-type: none;\">\n<ul style=\"box-sizing: border-box; border: 0px; font-size: 16px; font-style: normal; font-weight: 400; margin: revert; outline: 0px; padding: revert; vertical-align: baseline; list-style: outside; caret-color: #334155; color: #334155; font-family: -apple-system, BlinkMacSystemFont, 'Segoe UI', Roboto, Oxygen-Sans, Ubuntu, Cantarell, 'Helvetica Neue', sans-serif; font-variant-caps: normal; letter-spacing: normal; orphans: auto; text-align: start; text-indent: 0px; text-transform: none; white-space: normal; widows: auto; word-spacing: 0px; -webkit-text-stroke-width: 0px; text-decoration: none;\">\n<li style=\"box-sizing: border-box; border: 0px; font-size: 16px; font-style: inherit; font-weight: inherit; margin: 0px; outline: 0px; padding: 0px; vertical-align: baseline;\">Vice-presidente: Eng. civ. Luciano Silva Gomes de Mello<\/li>\n<\/ul>\n<\/li>\n<\/ul>\n<ul style=\"box-sizing: border-box; border: 0px; font-size: 16px; font-style: normal; font-weight: 400; margin: revert; outline: 0px; padding: revert; vertical-align: baseline; list-style: outside; caret-color: #334155; color: #334155; font-family: -apple-system, BlinkMacSystemFont, 'Segoe UI', Roboto, Oxygen-Sans, Ubuntu, Cantarell, 'Helvetica Neue', sans-serif; font-variant-caps: normal; letter-spacing: normal; orphans: auto; text-align: start; text-indent: 0px; text-transform: none; white-space: normal; widows: auto; word-spacing: 0px; -webkit-text-stroke-width: 0px; text-decoration: none;\">\n<li style=\"list-style-type: none;\">\n<ul style=\"box-sizing: border-box; border: 0px; font-size: 16px; font-style: normal; font-weight: 400; margin: revert; outline: 0px; padding: revert; vertical-align: baseline; list-style: outside; caret-color: #334155; color: #334155; font-family: -apple-system, BlinkMacSystemFont, 'Segoe UI', Roboto, Oxygen-Sans, Ubuntu, Cantarell, 'Helvetica Neue', sans-serif; font-variant-caps: normal; letter-spacing: normal; orphans: auto; text-align: start; text-indent: 0px; text-transform: none; white-space: normal; widows: auto; word-spacing: 0px; -webkit-text-stroke-width: 0px; text-decoration: none;\">\n<li style=\"box-sizing: border-box; border: 0px; font-size: 16px; font-style: inherit; font-weight: inherit; margin: 0px; outline: 0px; padding: 0px; vertical-align: baseline;\">Diretora T\u00e9cnica: Eng. eletric. Michelle Calado Palladino<\/li>\n<\/ul>\n<\/li>\n<\/ul>\n<ul style=\"box-sizing: border-box; border: 0px; font-size: 16px; font-style: normal; font-weight: 400; margin: revert; outline: 0px; padding: revert; vertical-align: baseline; list-style: outside; caret-color: #334155; color: #334155; font-family: -apple-system, BlinkMacSystemFont, 'Segoe UI', Roboto, Oxygen-Sans, Ubuntu, Cantarell, 'Helvetica Neue', sans-serif; font-variant-caps: normal; letter-spacing: normal; orphans: auto; text-align: start; text-indent: 0px; text-transform: none; white-space: normal; widows: auto; word-spacing: 0px; -webkit-text-stroke-width: 0px; text-decoration: none;\">\n<li style=\"list-style-type: none;\">\n<ul style=\"box-sizing: border-box; border: 0px; font-size: 16px; font-style: normal; font-weight: 400; margin: revert; outline: 0px; padding: revert; vertical-align: baseline; list-style: outside; caret-color: #334155; color: #334155; font-family: -apple-system, BlinkMacSystemFont, 'Segoe UI', Roboto, Oxygen-Sans, Ubuntu, Cantarell, 'Helvetica Neue', sans-serif; font-variant-caps: normal; letter-spacing: normal; orphans: auto; text-align: start; text-indent: 0px; text-transform: none; white-space: normal; widows: auto; word-spacing: 0px; -webkit-text-stroke-width: 0px; text-decoration: none;\">\n<li style=\"box-sizing: border-box; border: 0px; font-size: 16px; font-style: inherit; font-weight: inherit; margin: 0px; outline: 0px; padding: 0px; vertical-align: baseline;\">Diretora Cultural e de Eventos: Eng. civ. Maria Frida Nunes Gomes<\/li>\n<\/ul>\n<\/li>\n<\/ul>\n<ul style=\"box-sizing: border-box; border: 0px; font-size: 16px; font-style: normal; font-weight: 400; margin: revert; outline: 0px; padding: revert; vertical-align: baseline; list-style: outside; caret-color: #334155; color: #334155; font-family: -apple-system, BlinkMacSystemFont, 'Segoe UI', Roboto, Oxygen-Sans, Ubuntu, Cantarell, 'Helvetica Neue', sans-serif; font-variant-caps: normal; letter-spacing: normal; orphans: auto; text-align: start; text-indent: 0px; text-transform: none; white-space: normal; widows: auto; word-spacing: 0px; -webkit-text-stroke-width: 0px; text-decoration: none;\">\n<li style=\"list-style-type: none;\">\n<ul style=\"box-sizing: border-box; border: 0px; font-size: 16px; font-style: normal; font-weight: 400; margin: revert; outline: 0px; padding: revert; vertical-align: baseline; list-style: outside; caret-color: #334155; color: #334155; font-family: -apple-system, BlinkMacSystemFont, 'Segoe UI', Roboto, Oxygen-Sans, Ubuntu, Cantarell, 'Helvetica Neue', sans-serif; font-variant-caps: normal; letter-spacing: normal; orphans: auto; text-align: start; text-indent: 0px; text-transform: none; white-space: normal; widows: auto; word-spacing: 0px; -webkit-text-stroke-width: 0px; text-decoration: none;\">\n<li style=\"box-sizing: border-box; border: 0px; font-size: 16px; font-style: inherit; font-weight: inherit; margin: 0px; outline: 0px; padding: 0px; vertical-align: baseline;\">Diretor Administrativo: Eng. agr. Andr\u00e9 Cesar Battalhini<\/li>\n<\/ul>\n<\/li>\n<\/ul>\n<ul style=\"box-sizing: border-box; border: 0px; font-size: 16px; font-style: normal; font-weight: 400; margin: revert; outline: 0px; padding: revert; vertical-align: baseline; list-style: outside; caret-color: #334155; color: #334155; font-family: -apple-system, BlinkMacSystemFont, 'Segoe UI', Roboto, Oxygen-Sans, Ubuntu, Cantarell, 'Helvetica Neue', sans-serif; font-variant-caps: normal; letter-spacing: normal; orphans: auto; text-align: start; text-indent: 0px; text-transform: none; white-space: normal; widows: auto; word-spacing: 0px; -webkit-text-stroke-width: 0px; text-decoration: none;\">\n<li style=\"list-style-type: none;\">\n<ul style=\"box-sizing: border-box; border: 0px; font-size: 16px; font-style: normal; font-weight: 400; margin: revert; outline: 0px; padding: revert; vertical-align: baseline; list-style: outside; caret-color: #334155; color: #334155; font-family: -apple-system, BlinkMacSystemFont, 'Segoe UI', Roboto, Oxygen-Sans, Ubuntu, Cantarell, 'Helvetica Neue', sans-serif; font-variant-caps: normal; letter-spacing: normal; orphans: auto; text-align: start; text-indent: 0px; text-transform: none; white-space: normal; widows: auto; word-spacing: 0px; -webkit-text-stroke-width: 0px; text-decoration: none;\">\n<li style=\"box-sizing: border-box; border: 0px; font-size: 16px; font-style: inherit; font-weight: inherit; margin: 0px; outline: 0px; padding: 0px; vertical-align: baseline;\">Diretora Financeira: Eng. civ. F\u00e1tima Bernadete Corr\u00eaa de Melo<\/li>\n<\/ul>\n<\/li>\n<\/ul>\n<ul style=\"box-sizing: border-box; border: 0px; font-size: 16px; font-style: normal; font-weight: 400; margin: revert; outline: 0px; padding: revert; vertical-align: baseline; list-style: outside; caret-color: #334155; color: #334155; font-family: -apple-system, BlinkMacSystemFont, 'Segoe UI', Roboto, Oxygen-Sans, Ubuntu, Cantarell, 'Helvetica Neue', sans-serif; font-variant-caps: normal; letter-spacing: normal; orphans: auto; text-align: start; text-indent: 0px; text-transform: none; white-space: normal; widows: auto; word-spacing: 0px; -webkit-text-stroke-width: 0px; text-decoration: none;\">\n<li style=\"list-style-type: none;\">\n<ul style=\"box-sizing: border-box; border: 0px; font-size: 16px; font-style: normal; font-weight: 400; margin: revert; outline: 0px; padding: revert; vertical-align: baseline; list-style: outside; caret-color: #334155; color: #334155; font-family: -apple-system, BlinkMacSystemFont, 'Segoe UI', Roboto, Oxygen-Sans, Ubuntu, Cantarell, 'Helvetica Neue', sans-serif; font-variant-caps: normal; letter-spacing: normal; orphans: auto; text-align: start; text-indent: 0px; text-transform: none; white-space: normal; widows: auto; word-spacing: 0px; -webkit-text-stroke-width: 0px; text-decoration: none;\">\n<li style=\"box-sizing: border-box; border: 0px; font-size: 16px; font-style: inherit; font-weight: inherit; margin: 0px; outline: 0px; padding: 0px; vertical-align: baseline;\">Diretor de Rela\u00e7\u00f5es com Associados e Institucionais: Eng. civ. Jos\u00e9 Alberto da Silva Pino<\/li>\n<\/ul>\n<\/li>\n<\/ul>\t\t\t\t\t\t\t\t<\/div>\n\t\t\t\t<\/div>\n\t\t\t\t\t<\/div>\n\t\t<\/div>\n\t\t\t\t\t<\/div>\n\t\t<\/section>\n\t\t\t\t<section data-particle_enable=\"false\" data-particle-mobile-disabled=\"false\" class=\"elementor-section elementor-top-section elementor-element elementor-element-fc1cfb6 elementor-section-boxed elementor-section-height-default elementor-section-height-default\" data-id=\"fc1cfb6\" data-element_type=\"section\" data-e-type=\"section\">\n\t\t\t\t\t\t<div class=\"elementor-container elementor-column-gap-default\">\n\t\t\t\t\t<div class=\"elementor-column elementor-col-50 elementor-top-column elementor-element elementor-element-99345c9\" data-id=\"99345c9\" data-element_type=\"column\" data-e-type=\"column\">\n\t\t\t<div class=\"elementor-widget-wrap elementor-element-populated\">\n\t\t\t\t\t\t<div class=\"elementor-element elementor-element-4912ba5 eael-team-align-centered elementor-widget elementor-widget-eael-team-member\" data-id=\"4912ba5\" data-element_type=\"widget\" data-e-type=\"widget\" data-settings=\"{&quot;_animation&quot;:&quot;none&quot;}\" data-widget_type=\"eael-team-member.default\">\n\t\t\t\t<div class=\"elementor-widget-container\">\n\t\t\t\t\t\n\n\t<div id=\"eael-team-member-4912ba5\" class=\"eael-team-item eael-team-members-simple team-avatar-rounded\">\n\t\t<div class=\"eael-team-item-inner\">\n\t\t\t<div class=\"eael-team-image\">\n\t\t\t\t<figure>\n\t\t\t\t\t\t\t\t\t\t<img decoding=\"async\" src=\"https:\/\/ibape-al.org.br\/wp-content\/uploads\/2026\/01\/Captura-de-Tela-2023-10-29-aI\u0080s-10.05.29-150x150.png\" alt=\"\">\n\t\t\t\t\t\t\t\t\t<\/figure>\n\t\t\t\t\n\t\t\t\t\n\t\t\t<\/div>\n\n\t\t\t<div class=\"eael-team-content\">\n\t\t\t\t<h2 class=\"eael-team-member-name\">Eng. AGR. MAR\u00c7AL DE FRAN\u00c7A SILVA<\/h2><h3 class=\"eael-team-member-position\">Presidente<\/h3>\n\t\t\t\t\t\t\t\t\t\t\t\t\t\t<p class=\"eael-team-text\">82 99973-3980<br><a href=\"https:\/\/wa.me\/5582999733980?text=Contato+iniciado+via+site+do+IBAPE.\"><img decoding=\"async\" alt=\"Chat on WhatsApp\" src=\"https:\/\/ibape-al.org.br\/wp-content\/uploads\/2023\/10\/WhatsAppButtonGreenSmall.svg\" \/> <a \/><\/p>\n\t\t\t\t\t\t\t<\/div>\n\t\t<\/div>\n\t<\/div>\n\t\t\t\t\t<\/div>\n\t\t\t\t<\/div>\n\t\t\t\t\t<\/div>\n\t\t<\/div>\n\t\t\t\t<div class=\"elementor-column elementor-col-50 elementor-top-column elementor-element elementor-element-9d8793c\" data-id=\"9d8793c\" data-element_type=\"column\" data-e-type=\"column\">\n\t\t\t<div class=\"elementor-widget-wrap elementor-element-populated\">\n\t\t\t\t\t\t<div class=\"elementor-element elementor-element-76b3cd4 eael-team-align-centered elementor-widget elementor-widget-eael-team-member\" data-id=\"76b3cd4\" data-element_type=\"widget\" data-e-type=\"widget\" data-settings=\"{&quot;_animation&quot;:&quot;none&quot;}\" data-widget_type=\"eael-team-member.default\">\n\t\t\t\t<div class=\"elementor-widget-container\">\n\t\t\t\t\t\n\n\t<div id=\"eael-team-member-76b3cd4\" class=\"eael-team-item eael-team-members-simple team-avatar-rounded\">\n\t\t<div class=\"eael-team-item-inner\">\n\t\t\t<div class=\"eael-team-image\">\n\t\t\t\t<figure>\n\t\t\t\t\t\t\t\t\t\t<img decoding=\"async\" src=\"https:\/\/ibape-al.org.br\/wp-content\/uploads\/2026\/01\/Captura-de-Tela-2026-01-16-as-22.03.36-150x150.png\" alt=\"\">\n\t\t\t\t\t\t\t\t\t<\/figure>\n\t\t\t\t\n\t\t\t\t\n\t\t\t<\/div>\n\n\t\t\t<div class=\"eael-team-content\">\n\t\t\t\t<h2 class=\"eael-team-member-name\">Eng. Civ. LUCIANO SILVA FOMES DE MELLO<\/h2><h3 class=\"eael-team-member-position\">Vice-presidente<\/h3>\n\t\t\t\t\t\t\t\t\t\t\t\t\t\t<p class=\"eael-team-text\">82 99901-3930<br><a href=\"https:\/\/wa.me\/5582999013930?text=Contato+iniciado+via+site+do+IBAPE.\"><img decoding=\"async\" alt=\"Chat on WhatsApp\" src=\"https:\/\/ibape-al.org.br\/wp-content\/uploads\/2023\/10\/WhatsAppButtonGreenSmall.svg\"> <\/a><\/p>\n\t\t\t\t\t\t\t<\/div>\n\t\t<\/div>\n\t<\/div>\n\t\t\t\t\t<\/div>\n\t\t\t\t<\/div>\n\t\t\t\t\t<\/div>\n\t\t<\/div>\n\t\t\t\t\t<\/div>\n\t\t<\/section>\n\t\t\t\t<section data-particle_enable=\"false\" data-particle-mobile-disabled=\"false\" class=\"elementor-section elementor-top-section elementor-element elementor-element-9491e52 elementor-section-boxed elementor-section-height-default elementor-section-height-default\" data-id=\"9491e52\" data-element_type=\"section\" data-e-type=\"section\">\n\t\t\t\t\t\t<div class=\"elementor-container elementor-column-gap-default\">\n\t\t\t\t\t<div class=\"elementor-column elementor-col-100 elementor-top-column elementor-element elementor-element-fb8e016\" data-id=\"fb8e016\" data-element_type=\"column\" data-e-type=\"column\">\n\t\t\t<div class=\"elementor-widget-wrap elementor-element-populated\">\n\t\t\t\t\t\t<div class=\"elementor-element elementor-element-ded50a6 elementor-widget elementor-widget-text-editor\" data-id=\"ded50a6\" data-element_type=\"widget\" data-e-type=\"widget\" data-widget_type=\"text-editor.default\">\n\t\t\t\t<div class=\"elementor-widget-container\">\n\t\t\t\t\t\t\t\t\t<p><!-- \/wp:spacer --><\/p>\n<p><!-- wp:paragraph {\"fontSize\":\"medium\"} --><\/p>\n<p class=\"has-medium-font-size\"><strong>Conselho Fiscal<\/strong><\/p>\n<p><!-- \/wp:paragraph --><\/p>\n<p><!-- wp:list --><\/p>\n<ul>\n<li style=\"list-style-type: none;\">\n<ul><!-- wp:list-item --><\/ul>\n<\/li>\n<\/ul>\n<ul>\n<li style=\"list-style-type: none;\">\n<ul>\n<li>Membros Titulares<!-- wp:list -->\n<ul>\n<li style=\"list-style-type: none;\">\n<ul><!-- wp:list-item --><\/ul>\n<\/li>\n<\/ul>\n<ul>\n<li style=\"list-style-type: none;\">\n<ul>\n<li>Eng. civ. Carolina Cotrim Amaral<\/li>\n<\/ul>\n<\/li>\n<\/ul>\n<p><!-- \/wp:list-item --><\/p>\n<p><!-- wp:list-item --><\/p>\n<ul>\n<li style=\"list-style-type: none;\">\n<ul>\n<li>Eng. civ. Neylton de Lima Barros<\/li>\n<\/ul>\n<\/li>\n<\/ul>\n<p><!-- \/wp:list-item --><\/p>\n<p><!-- wp:list-item --><\/p>\n<ul>\n<li style=\"list-style-type: none;\">\n<ul>\n<li>Eng. civ. Victor Correia Vasconcellos<\/li>\n<\/ul>\n<\/li>\n<\/ul>\n<p><!-- \/wp:list-item --><\/p>\n<p><!-- \/wp:list --><\/p>\n<\/li>\n<\/ul>\n<\/li>\n<\/ul>\n<p><!-- \/wp:list-item --><\/p>\n<p><!-- wp:list-item --><\/p>\n<ul>\n<li style=\"list-style-type: none;\">\n<ul>\n<li>Membros Suplentes<!-- wp:list -->\n<ul>\n<li style=\"list-style-type: none;\">\n<ul><!-- wp:list-item --><\/ul>\n<\/li>\n<\/ul>\n<ul>\n<li style=\"list-style-type: none;\">\n<ul>\n<li>Eng. civ. Kevin Moura Maranh\u00e3o de Vasconcelos<\/li>\n<\/ul>\n<\/li>\n<\/ul>\n<p><!-- \/wp:list-item --><\/p>\n<p><!-- wp:list-item --><\/p>\n<ul>\n<li style=\"list-style-type: none;\">\n<ul>\n<li>Eng. civ. Jo\u00e3o Paulo Barros<\/li>\n<\/ul>\n<\/li>\n<\/ul>\n<p><!-- \/wp:list-item --><\/p>\n<p><!-- wp:list-item --><\/p>\n<ul>\n<li style=\"list-style-type: none;\">\n<ul>\n<li>Eng. civ. Jos\u00e9 Aleksander Canuto Rocha<\/li>\n<\/ul>\n<\/li>\n<\/ul>\n<p><!-- \/wp:list-item --><\/p>\n<p><!-- \/wp:list --><\/p>\n<\/li>\n<\/ul>\n<\/li>\n<\/ul>\n<p><!-- \/wp:list-item --><\/p>\n<p><!-- \/wp:list --><\/p>\t\t\t\t\t\t\t\t<\/div>\n\t\t\t\t<\/div>\n\t\t\t\t\t<\/div>\n\t\t<\/div>\n\t\t\t\t\t<\/div>\n\t\t<\/section>\n\t\t\t\t<\/div>\n\t\t","protected":false},"excerpt":{"rendered":"<p>Gest\u00e3o 2026-2027 Presidente: Eng. agr. Mar\u00e7al de Fran\u00e7a Silva Vice-presidente: Eng. civ. Luciano Silva Gomes de Mello Diretora T\u00e9cnica: Eng. eletric. Michelle Calado Palladino Diretora Cultural e de Eventos: Eng. civ. Maria Frida Nunes Gomes Diretor Administrativo: Eng. agr. Andr\u00e9 Cesar Battalhini Diretora Financeira: Eng. civ. F\u00e1tima Bernadete Corr\u00eaa de Melo Diretor de Rela\u00e7\u00f5es com [&hellip;]<\/p>\n","protected":false},"author":1,"featured_media":0,"parent":0,"menu_order":0,"comment_status":"closed","ping_status":"closed","template":"","meta":{"site-sidebar-layout":"default","site-content-layout":"","ast-site-content-layout":"","site-content-style":"default","site-sidebar-style":"default","ast-global-header-display":"","ast-banner-title-visibility":"","ast-main-header-display":"","ast-hfb-above-header-display":"","ast-hfb-below-header-display":"","ast-hfb-mobile-header-display":"","site-post-title":"","ast-breadcrumbs-content":"","ast-featured-img":"","footer-sml-layout":"","theme-transparent-header-meta":"","adv-header-id-meta":"","stick-header-meta":"","header-above-stick-meta":"","header-main-stick-meta":"","header-below-stick-meta":"","astra-migrate-meta-layouts":"default","ast-page-background-enabled":"default","ast-page-background-meta":{"desktop":{"background-color":"var(--ast-global-color-4)","background-image":"","background-repeat":"repeat","background-position":"center center","background-size":"auto","background-attachment":"scroll","background-type":"","background-media":"","overlay-type":"","overlay-color":"","overlay-opacity":"","overlay-gradient":""},"tablet":{"background-color":"","background-image":"","background-repeat":"repeat","background-position":"center center","background-size":"auto","background-attachment":"scroll","background-type":"","background-media":"","overlay-type":"","overlay-color":"","overlay-opacity":"","overlay-gradient":""},"mobile":{"background-color":"","background-image":"","background-repeat":"repeat","background-position":"center center","background-size":"auto","background-attachment":"scroll","background-type":"","background-media":"","overlay-type":"","overlay-color":"","overlay-opacity":"","overlay-gradient":""}},"ast-content-background-meta":{"desktop":{"background-color":"var(--ast-global-color-5)","background-image":"","background-repeat":"repeat","background-position":"center center","background-size":"auto","background-attachment":"scroll","background-type":"","background-media":"","overlay-type":"","overlay-color":"","overlay-opacity":"","overlay-gradient":""},"tablet":{"background-color":"var(--ast-global-color-5)","background-image":"","background-repeat":"repeat","background-position":"center center","background-size":"auto","background-attachment":"scroll","background-type":"","background-media":"","overlay-type":"","overlay-color":"","overlay-opacity":"","overlay-gradient":""},"mobile":{"background-color":"var(--ast-global-color-5)","background-image":"","background-repeat":"repeat","background-position":"center center","background-size":"auto","background-attachment":"scroll","background-type":"","background-media":"","overlay-type":"","overlay-color":"","overlay-opacity":"","overlay-gradient":""}},"footnotes":""},"class_list":["post-24","page","type-page","status-publish","hentry"],"_links":{"self":[{"href":"https:\/\/ibape-al.org.br\/index.php\/wp-json\/wp\/v2\/pages\/24","targetHints":{"allow":["GET"]}}],"collection":[{"href":"https:\/\/ibape-al.org.br\/index.php\/wp-json\/wp\/v2\/pages"}],"about":[{"href":"https:\/\/ibape-al.org.br\/index.php\/wp-json\/wp\/v2\/types\/page"}],"author":[{"embeddable":true,"href":"https:\/\/ibape-al.org.br\/index.php\/wp-json\/wp\/v2\/users\/1"}],"replies":[{"embeddable":true,"href":"https:\/\/ibape-al.org.br\/index.php\/wp-json\/wp\/v2\/comments?post=24"}],"version-history":[{"count":6,"href":"https:\/\/ibape-al.org.br\/index.php\/wp-json\/wp\/v2\/pages\/24\/revisions"}],"predecessor-version":[{"id":1945,"href":"https:\/\/ibape-al.org.br\/index.php\/wp-json\/wp\/v2\/pages\/24\/revisions\/1945"}],"wp:attachment":[{"href":"https:\/\/ibape-al.org.br\/index.php\/wp-json\/wp\/v2\/media?parent=24"}],"curies":[{"name":"wp","href":"https:\/\/api.w.org\/{rel}","templated":true}]}}