{"id":1145,"date":"2023-11-23T21:30:42","date_gmt":"2023-11-24T00:30:42","guid":{"rendered":"https:\/\/ibape-al.org.br\/?page_id=1145"},"modified":"2025-05-22T18:19:54","modified_gmt":"2025-05-22T21:19:54","slug":"cursos-mais-acessados","status":"publish","type":"page","link":"https:\/\/ibape-al.org.br\/","title":{"rendered":"Cursos mais acessados"},"content":{"rendered":"\t\t<div data-elementor-type=\"wp-page\" data-elementor-id=\"1145\" class=\"elementor elementor-1145\" data-elementor-post-type=\"page\">\n\t\t\t\t\t\t<section data-particle_enable=\"false\" data-particle-mobile-disabled=\"false\" class=\"elementor-section elementor-top-section elementor-element elementor-element-c4e6bc6 elementor-section-boxed elementor-section-height-default elementor-section-height-default\" data-id=\"c4e6bc6\" data-element_type=\"section\" data-e-type=\"section\">\n\t\t\t\t\t\t<div class=\"elementor-container elementor-column-gap-default\">\n\t\t\t\t\t<div class=\"elementor-column elementor-col-100 elementor-top-column elementor-element elementor-element-1818ede\" data-id=\"1818ede\" data-element_type=\"column\" data-e-type=\"column\">\n\t\t\t<div class=\"elementor-widget-wrap\">\n\t\t\t\t\t\t\t<\/div>\n\t\t<\/div>\n\t\t\t\t\t<\/div>\n\t\t<\/section>\n\t\t\t\t<section data-particle_enable=\"false\" data-particle-mobile-disabled=\"false\" class=\"elementor-section elementor-top-section elementor-element elementor-element-b78b64f elementor-section-full_width elementor-section-content-middle elementor-section-height-default elementor-section-height-default\" data-id=\"b78b64f\" data-element_type=\"section\" data-e-type=\"section\" data-settings=\"{&quot;background_background&quot;:&quot;classic&quot;}\">\n\t\t\t\t\t\t<div class=\"elementor-container elementor-column-gap-default\">\n\t\t\t\t\t<div class=\"elementor-column elementor-col-100 elementor-top-column elementor-element elementor-element-58348fc\" data-id=\"58348fc\" data-element_type=\"column\" data-e-type=\"column\">\n\t\t\t<div class=\"elementor-widget-wrap elementor-element-populated\">\n\t\t\t\t\t\t<div class=\"elementor-element elementor-element-d1ba37a elementor--h-position-center elementor--v-position-middle elementor-arrows-position-inside elementor-pagination-position-inside elementor-widget elementor-widget-slides\" data-id=\"d1ba37a\" data-element_type=\"widget\" data-e-type=\"widget\" data-settings=\"{&quot;transition_speed&quot;:800,&quot;navigation&quot;:&quot;both&quot;,&quot;infinite&quot;:&quot;yes&quot;,&quot;transition&quot;:&quot;slide&quot;}\" data-widget_type=\"slides.default\">\n\t\t\t\t<div class=\"elementor-widget-container\">\n\t\t\t\t\t\t\t\t\t<div class=\"elementor-swiper\">\n\t\t\t\t\t<div class=\"elementor-slides-wrapper elementor-main-swiper swiper\" role=\"region\" aria-roledescription=\"carousel\" aria-label=\"Slides\" dir=\"ltr\" data-animation=\"fadeInRight\">\n\t\t\t\t<div class=\"swiper-wrapper elementor-slides\">\n\t\t\t\t\t\t\t\t\t\t<div class=\"elementor-repeater-item-c8dfc1f swiper-slide\" role=\"group\" aria-roledescription=\"slide\"><div class=\"swiper-slide-bg elementor-ken-burns elementor-ken-burns--in\" role=\"img\"><\/div><div class=\"swiper-slide-inner\" ><div class=\"swiper-slide-contents\"><h1 class=\"elementor-slide-heading\">Seja um associado do  IBAPE\/AL<\/h1><h1 class=\"elementor-slide-description\">Acesse o formul\u00e1rio para mais informa\u00e7\u00f5es e cadastre-se<\/h1><a href=\"https:\/\/ibape-al.org.br\/index.php\/seja-um-associado-do-ibape-al\/\" rel=\"nofollow\" class=\"elementor-button elementor-slide-button elementor-size-sm\">Formul\u00e1rio<\/a><\/div><\/div><\/div><div class=\"elementor-repeater-item-0391a09 swiper-slide\" role=\"group\" aria-roledescription=\"slide\"><div class=\"swiper-slide-bg elementor-ken-burns elementor-ken-burns--in\" role=\"img\"><\/div><div class=\"elementor-background-overlay\"><\/div><div class=\"swiper-slide-inner\" ><div class=\"swiper-slide-contents\"><h1 class=\"elementor-slide-heading\">Encontre um Profissional<\/h1><a href=\"https:\/\/ibape-al.org.br\/index.php\/associados\/\" class=\"elementor-button elementor-slide-button elementor-size-sm\">Clique aqui<\/a><\/div><\/div><\/div><div class=\"elementor-repeater-item-40b5b89 swiper-slide\" role=\"group\" aria-roledescription=\"slide\"><div class=\"swiper-slide-bg\" role=\"img\"><\/div><a class=\"swiper-slide-inner\" href=\"https:\/\/www.crea-al.org.br\/2024\/02\/profissionais-terao-acesso-ilimitado-a-visualizacao-das-normas-abnt\/\" target=\"_blank\" rel=\"nofollow\"><div class=\"swiper-slide-contents\"><\/div><\/a><\/div>\t\t\t\t<\/div>\n\t\t\t\t\t\t\t\t\t\t\t\t\t\t\t<div class=\"elementor-swiper-button elementor-swiper-button-prev\" role=\"button\" tabindex=\"0\" aria-label=\"Slide anterior\">\n\t\t\t\t\t\t\t<i aria-hidden=\"true\" class=\"eicon-chevron-left\"><\/i>\t\t\t\t\t\t<\/div>\n\t\t\t\t\t\t<div class=\"elementor-swiper-button elementor-swiper-button-next\" role=\"button\" tabindex=\"0\" aria-label=\"Pr\u00f3ximo slide\">\n\t\t\t\t\t\t\t<i aria-hidden=\"true\" class=\"eicon-chevron-right\"><\/i>\t\t\t\t\t\t<\/div>\n\t\t\t\t\t\t\t\t\t\t\t\t\t\t\t\t<div class=\"swiper-pagination\"><\/div>\n\t\t\t\t\t\t\t\t\t\t\t\t<\/div>\n\t\t\t\t<\/div>\n\t\t\t\t\t\t\t\t<\/div>\n\t\t\t\t<\/div>\n\t\t\t\t<div class=\"elementor-element elementor-element-68cf8b9 e-transform elementor-widget elementor-widget-eael-post-list\" data-id=\"68cf8b9\" data-element_type=\"widget\" data-e-type=\"widget\" data-settings=\"{&quot;motion_fx_motion_fx_mouse&quot;:&quot;yes&quot;,&quot;_transform_scale_effect&quot;:{&quot;unit&quot;:&quot;px&quot;,&quot;size&quot;:&quot;&quot;,&quot;sizes&quot;:[]},&quot;_transform_scale_effect_tablet&quot;:{&quot;unit&quot;:&quot;px&quot;,&quot;size&quot;:&quot;&quot;,&quot;sizes&quot;:[]},&quot;_transform_scale_effect_mobile&quot;:{&quot;unit&quot;:&quot;px&quot;,&quot;size&quot;:&quot;&quot;,&quot;sizes&quot;:[]}}\" data-widget_type=\"eael-post-list.default\">\n\t\t\t\t<div class=\"elementor-widget-container\">\n\t\t\t\t\t<div class=\"eael-post-list-container default layout-default\"><div class=\"eael-post-list-header\"><div class=\"header-title\">\n                            <h2 class=\"title\">Cursos<\/h2>\n                        <\/div><\/div><div class=\"eael-post-list-wrap\"><div class=\"eael-post-list-posts-wrap eael-post-appender eael-post-appender-68cf8b9\"><div class=\"eael-post-list-post \"><div class=\"eael-post-list-thumbnail \"><a href=\"https:\/\/ibape-al.org.br\/index.php\/ibape-al-empossa-nova-diretoria-para-o-bienio-2026-2027\/\">\n                            <img decoding=\"async\" src=\"https:\/\/ibape-al.org.br\/wp-content\/uploads\/2026\/01\/IMG_6504-2-1024x683.jpg\" alt=\"\">\n                        <\/a><\/div><div class=\"eael-post-list-content\"><h2 class=\"eael-post-list-title\"><a href=\"https:\/\/ibape-al.org.br\/index.php\/ibape-al-empossa-nova-diretoria-para-o-bienio-2026-2027\/\" >IBAPE\/AL Empossa Nova Diretoria para o Bi\u00eanio 2026\/2027<\/a><\/h2><div class=\"meta\">\n                    <span><i class=\"far fa-calendar-alt\"><\/i> 09\/01\/2026<\/span>\n                <\/div><p>O Instituto Brasileiro de Avalia\u00e7\u00f5es e Per\u00edcias de Engenharia de Alagoas (IBAPE\/AL)...<\/p><a href=\"https:\/\/ibape-al.org.br\/index.php\/ibape-al-empossa-nova-diretoria-para-o-bienio-2026-2027\/\" class=\"eael-post-elements-readmore-btn\" >Saiba mais<\/a><\/div><\/div><div class=\"eael-post-list-post \"><div class=\"eael-post-list-thumbnail \"><a href=\"https:\/\/ibape-al.org.br\/index.php\/assembleia-geral-extraordinaria-19-11-2025\/\">\n                            <img decoding=\"async\" src=\"https:\/\/ibape-al.org.br\/wp-content\/uploads\/2025\/10\/Captura-de-Tela-2025-10-21-as-15.31.46.png\" alt=\"\">\n                        <\/a><\/div><div class=\"eael-post-list-content\"><h2 class=\"eael-post-list-title\"><a href=\"https:\/\/ibape-al.org.br\/index.php\/assembleia-geral-extraordinaria-19-11-2025\/\" >ASSEMBLEIA GERAL EXTRAORDIN\u00c1RIA-19\/11\/2025<\/a><\/h2><div class=\"meta\">\n                    <span><i class=\"far fa-calendar-alt\"><\/i> 21\/10\/2025<\/span>\n                <\/div><p><\/p><a href=\"https:\/\/ibape-al.org.br\/index.php\/assembleia-geral-extraordinaria-19-11-2025\/\" class=\"eael-post-elements-readmore-btn\" >Saiba mais<\/a><\/div><\/div><div class=\"eael-post-list-post \"><div class=\"eael-post-list-thumbnail \"><a href=\"https:\/\/ibape-al.org.br\/index.php\/novo-boletim-tecnico-entenda-a-diferenca-entre-inspecao-predial-e-pericia-de-engenharia\/\">\n                            <img decoding=\"async\" src=\"https:\/\/ibape-al.org.br\/wp-content\/uploads\/2025\/06\/capa-boletim-tec.-ibape-768x960-1.jpeg\" alt=\"\">\n                        <\/a><\/div><div class=\"eael-post-list-content\"><h2 class=\"eael-post-list-title\"><a href=\"https:\/\/ibape-al.org.br\/index.php\/novo-boletim-tecnico-entenda-a-diferenca-entre-inspecao-predial-e-pericia-de-engenharia\/\" >NOVO BOLETIM T\u00c9CNICO: Entenda a diferen\u00e7a entre inspe\u00e7\u00e3o predial e per\u00edcia de engenharia.<\/a><\/h2><div class=\"meta\">\n                    <span><i class=\"far fa-calendar-alt\"><\/i> 15\/06\/2025<\/span>\n                <\/div><p>O IBAPE Nacional acaba de publicar o Boletim T\u00e9cnico BTec 016\/2025, elaborado...<\/p><a href=\"https:\/\/ibape-al.org.br\/index.php\/novo-boletim-tecnico-entenda-a-diferenca-entre-inspecao-predial-e-pericia-de-engenharia\/\" class=\"eael-post-elements-readmore-btn\" >Saiba mais<\/a><\/div><\/div><\/div><\/div>\n\t\t<\/div><div data-nonce=\"43b369c664\" class=\"post-list-pagination\" data-widget-id=\"68cf8b9\" data-widget=\"68cf8b9\" data-page-id=\"1145\" data-class=\"Essential_Addons_Elementor\\Pro\\Elements\\Post_List\" data-args=\"orderby=date&amp;order=desc&amp;ignore_sticky_posts=1&amp;post_status=publish&amp;posts_per_page=3&amp;offset=0&amp;post_type=post&amp;tax_query%5B0%5D%5Btaxonomy%5D=category&amp;tax_query%5B0%5D%5Bfield%5D=term_id&amp;tax_query%5B0%5D%5Bterms%5D%5B0%5D=4&amp;tax_query%5B0%5D%5Bterms%5D%5B1%5D=6&amp;tax_query%5Brelation%5D=AND\" data-settings=\"eael_post_list_post_feature_image=yes&amp;eael_post_list_post_meta=yes&amp;eael_post_list_post_title=yes&amp;eael_post_list_post_excerpt=yes&amp;eael_post_list_post_excerpt_length=12&amp;eael_post_list_featured_area=&amp;eael_post_list_pagination=yes&amp;eael_post_list_layout_type=default&amp;eael_post_list_post_cat=&amp;eael_post_list_title_tag=h2&amp;eael_show_read_more_button=yes&amp;eael_post_list_read_more_text=Saiba+mais&amp;eael_post_list_excerpt_expanison_indicator=...&amp;eael_post_featured_image_size=large\" data-page=\"1\" data-scroll-on-pagination=\"0\" data-scroll-offset=\"100\" data-template=\"{&quot;dir&quot;:&quot;pro&quot;,&quot;file_name&quot;:&quot;default.php&quot;,&quot;name&quot;:&quot;Post-List&quot;}\">\n                <button class=\"btn btn-prev-post\" id=\"post-nav-prev-68cf8b9\" disabled=\"true\" aria-label=\"previous\"><i aria-hidden=\"true\" class=\"fas fa-angle-left\"><\/i><\/button><button class=\"btn btn-next-post\" id=\"post-nav-next-68cf8b9\" aria-label=\"next\"><i aria-hidden=\"true\" class=\"fas fa-angle-right\"><\/i><\/button>\n\t\t\t<\/div>\t\t\t\t<\/div>\n\t\t\t\t<\/div>\n\t\t\t\t\t<\/div>\n\t\t<\/div>\n\t\t\t\t\t<\/div>\n\t\t<\/section>\n\t\t\t\t\t<script>\n\t\t\t\t(function($) {\n                    \"use strict\";\n\n                    var target = $('.elementor-element-b78b64f');\n\n                    \n                    var EaelParallaxElement = {\n\n\t\t\t\t\t\tinit: function() {\n\t\t\t\t\t\t\telementorFrontend.hooks.addAction('frontend\/element_ready\/global', EaelParallaxElement.initWidget);\n\t\t\t\t\t\t},\n                        responsiveParallax: function(){\n                            var android = 1,\n                                ios = 1;\n                            switch( true || 1 ){\n                                case android && ios:\n                                    return \/iPad|iPhone|iPod|Android\/;\n                                    break;\n                                case android && ! ios:\n                                    return \/Android\/;\n                                    break;\n                                case ! android && ios:\n                                    return \/iPad|iPhone|iPod\/;\n                                    break;\n                                case ( ! android && ! ios ):\n                                    return null;\n                            }\n                        },\n\t\t\t\t\t\tinitWidget: function( $scope ) {\n\n\t\t\t\t\t\t\ttarget.jarallax({\n\t\t\t\t\t\t\t\ttype: 'scale',\n\t\t\t\t\t\t\t\tspeed: 1.3,\n\t\t\t\t\t\t\t\tkeepImg: true,\n                                disableParallax: EaelParallaxElement.responsiveParallax(),\n\t\t\t\t\t\t\t});\n\t\t\t\t\t\t}\n\n\t\t\t\t\t};\n\n\t\t\t\t\t$( window ).on('elementor\/frontend\/init', EaelParallaxElement.init);\n\n                    \t\t\t\t}( jQuery ) );\n\t\t\t<\/script>\n\t\t\t\t<\/div>\n\t\t","protected":false},"excerpt":{"rendered":"<p>Seja um associado do IBAPE\/AL Acesse o formul\u00e1rio para mais informa\u00e7\u00f5es e cadastre-se Formul\u00e1rio Encontre um Profissional Clique aqui Cursos Pr\u00e1tico de Pe\u00e7as Processuais para Peritos e Assistentes T\u00e9cnicos &#8211; EAD &#8211; Out2024 12\/10\/2024 Curso Online AO VIVO Datas: 28, 29 e 30 de outubro de&#8230; Saiba mais Introdu\u00e7\u00e3o ao M\u00e9todo Involutivo Aplicado nas Incorpora\u00e7\u00f5es [&hellip;]<\/p>\n","protected":false},"author":1,"featured_media":0,"parent":0,"menu_order":0,"comment_status":"closed","ping_status":"closed","template":"","meta":{"site-sidebar-layout":"no-sidebar","site-content-layout":"","ast-site-content-layout":"full-width-container","site-content-style":"default","site-sidebar-style":"default","ast-global-header-display":"","ast-banner-title-visibility":"","ast-main-header-display":"","ast-hfb-above-header-display":"","ast-hfb-below-header-display":"","ast-hfb-mobile-header-display":"","site-post-title":"disabled","ast-breadcrumbs-content":"","ast-featured-img":"disabled","footer-sml-layout":"","theme-transparent-header-meta":"","adv-header-id-meta":"","stick-header-meta":"","header-above-stick-meta":"","header-main-stick-meta":"","header-below-stick-meta":"","astra-migrate-meta-layouts":"default","ast-page-background-enabled":"default","ast-page-background-meta":{"desktop":{"background-color":"var(--ast-global-color-4)","background-image":"","background-repeat":"repeat","background-position":"center center","background-size":"auto","background-attachment":"scroll","background-type":"","background-media":"","overlay-type":"","overlay-color":"","overlay-opacity":"","overlay-gradient":""},"tablet":{"background-color":"","background-image":"","background-repeat":"repeat","background-position":"center center","background-size":"auto","background-attachment":"scroll","background-type":"","background-media":"","overlay-type":"","overlay-color":"","overlay-opacity":"","overlay-gradient":""},"mobile":{"background-color":"","background-image":"","background-repeat":"repeat","background-position":"center center","background-size":"auto","background-attachment":"scroll","background-type":"","background-media":"","overlay-type":"","overlay-color":"","overlay-opacity":"","overlay-gradient":""}},"ast-content-background-meta":{"desktop":{"background-color":"var(--ast-global-color-5)","background-image":"","background-repeat":"repeat","background-position":"center center","background-size":"auto","background-attachment":"scroll","background-type":"","background-media":"","overlay-type":"","overlay-color":"","overlay-opacity":"","overlay-gradient":""},"tablet":{"background-color":"var(--ast-global-color-5)","background-image":"","background-repeat":"repeat","background-position":"center center","background-size":"auto","background-attachment":"scroll","background-type":"","background-media":"","overlay-type":"","overlay-color":"","overlay-opacity":"","overlay-gradient":""},"mobile":{"background-color":"var(--ast-global-color-5)","background-image":"","background-repeat":"repeat","background-position":"center center","background-size":"auto","background-attachment":"scroll","background-type":"","background-media":"","overlay-type":"","overlay-color":"","overlay-opacity":"","overlay-gradient":""}},"footnotes":""},"class_list":["post-1145","page","type-page","status-publish","hentry"],"_links":{"self":[{"href":"https:\/\/ibape-al.org.br\/index.php\/wp-json\/wp\/v2\/pages\/1145","targetHints":{"allow":["GET"]}}],"collection":[{"href":"https:\/\/ibape-al.org.br\/index.php\/wp-json\/wp\/v2\/pages"}],"about":[{"href":"https:\/\/ibape-al.org.br\/index.php\/wp-json\/wp\/v2\/types\/page"}],"author":[{"embeddable":true,"href":"https:\/\/ibape-al.org.br\/index.php\/wp-json\/wp\/v2\/users\/1"}],"replies":[{"embeddable":true,"href":"https:\/\/ibape-al.org.br\/index.php\/wp-json\/wp\/v2\/comments?post=1145"}],"version-history":[{"count":135,"href":"https:\/\/ibape-al.org.br\/index.php\/wp-json\/wp\/v2\/pages\/1145\/revisions"}],"predecessor-version":[{"id":1891,"href":"https:\/\/ibape-al.org.br\/index.php\/wp-json\/wp\/v2\/pages\/1145\/revisions\/1891"}],"wp:attachment":[{"href":"https:\/\/ibape-al.org.br\/index.php\/wp-json\/wp\/v2\/media?parent=1145"}],"curies":[{"name":"wp","href":"https:\/\/api.w.org\/{rel}","templated":true}]}}